{"id":1278,"date":"2022-07-11T16:57:07","date_gmt":"2022-07-11T14:57:07","guid":{"rendered":"https:\/\/cabanes-salaison.fr\/?page_id=1278"},"modified":"2022-07-11T17:18:53","modified_gmt":"2022-07-11T15:18:53","slug":"mentions","status":"publish","type":"page","link":"https:\/\/cabanes-salaison.fr\/index.php\/mentions\/","title":{"rendered":"Mentions l\u00e9gales"},"content":{"rendered":"\t\t<div data-elementor-type=\"wp-page\" data-elementor-id=\"1278\" class=\"elementor elementor-1278\">\n\t\t\t\t\t\t<section class=\"elementor-section elementor-top-section elementor-element elementor-element-tkml1zg elementor-section-boxed elementor-section-height-default elementor-section-height-default\" data-id=\"tkml1zg\" data-element_type=\"section\" data-e-type=\"section\" data-settings=\"{&quot;background_background&quot;:&quot;classic&quot;}\">\n\t\t\t\t\t\t<div class=\"elementor-container elementor-column-gap-default\">\n\t\t\t\t\t<div class=\"elementor-column elementor-col-100 elementor-top-column elementor-element elementor-element-97j26r1\" data-id=\"97j26r1\" data-element_type=\"column\" data-e-type=\"column\">\n\t\t\t<div class=\"elementor-widget-wrap elementor-element-populated\">\n\t\t\t\t\t\t<div class=\"elementor-element elementor-element-9ztptpn elementor-widget elementor-widget-heading\" data-id=\"9ztptpn\" data-element_type=\"widget\" data-e-type=\"widget\" data-widget_type=\"heading.default\">\n\t\t\t\t<div class=\"elementor-widget-container\">\n\t\t\t\t\t<h2 class=\"elementor-heading-title elementor-size-default\">Mentions l\u00e9gales<\/h2>\t\t\t\t<\/div>\n\t\t\t\t<\/div>\n\t\t\t\t<section class=\"elementor-section elementor-inner-section elementor-element elementor-element-d4wxxd4 elementor-section-content-middle elementor-section-boxed elementor-section-height-default elementor-section-height-default\" data-id=\"d4wxxd4\" data-element_type=\"section\" data-e-type=\"section\">\n\t\t\t\t\t\t<div class=\"elementor-container elementor-column-gap-default\">\n\t\t\t\t\t<div class=\"elementor-column elementor-col-100 elementor-inner-column elementor-element elementor-element-p1vugkz\" data-id=\"p1vugkz\" data-element_type=\"column\" data-e-type=\"column\">\n\t\t\t<div class=\"elementor-widget-wrap elementor-element-populated\">\n\t\t\t\t\t\t<div class=\"elementor-element elementor-element-u2ig30t elementor-widget elementor-widget-text-editor\" data-id=\"u2ig30t\" data-element_type=\"widget\" data-e-type=\"widget\" data-widget_type=\"text-editor.default\">\n\t\t\t\t<div class=\"elementor-widget-container\">\n\t\t\t\t\t\t\t\t\t<p><b>Mentions l\u00e9gales<\/b><\/p>\n<p>Conform\u00e9ment aux dispositions sp\u00e9cifies par la loi, nous vous<br>informons que :<\/p>\n<p>Ce site internet est \u00e9dit\u00e9 et g\u00e9r\u00e9 par l&rsquo;association des Cabanes du Salaison-Mauguio, association Loi de 1901,<br>&nbsp;si\u00e8ge&nbsp;: chez Nadine Leblevec-Ramade, chemin de Bentenac, Route des Cabanes, 34130 Mauguio,&nbsp;<\/p>\n<p>T\u00e9l. : 06.86.99.08.43<br>email: nadleb@wanadoo.fr<\/p>\n<p>SIRET: 88021128900017<\/p>\n<p>TVA intracommunautaire: FR66880211289<\/p>\n<p>Responsable de publication : Corinne AMEN, Tr\u00e9sori\u00e8re<\/p><p><br><\/p>\n<h3><b>H\u00e9bergement<\/b><\/h3>\n<p>H\u00e9bergement : HOSTINGER<\/p>\n<p>dont le sie\u0300ge social est situ\u00e9: HOSTINGER INTERNATIONAL LTD, 61 Lordou Vironos Street, 6023 Larnaca, Chypre.<\/p><p><br><\/p>\n<p><\/p>\n<h3><b>Propri\u00e9t\u00e9 intellectuelle<\/b><\/h3>\n<p>La totalit\u00e9 des \u00e9l\u00e9ments du site https:\/\/cabanes-salaison.fr, notamment les<br>textes, pr\u00e9sentations, illustrations, photographies, arborescences et mise en<br>forme sont, sauf documents publics et pr\u00e9cisions compl\u00e9mentaires, la propri\u00e9t\u00e9<br>intellectuelle exclusive de l&rsquo;association Cabanes du Salaison-Mauguio.<br>A ce titre, aucune de ces informations ne peut \u00eatre, de mani\u00e8re totale ou<br>partielle, reproduite, repr\u00e9sent\u00e9e, appos\u00e9e, utilis\u00e9e, modifi\u00e9e, diffus\u00e9e,<br>rediffus\u00e9e, traduite, exploit\u00e9e commercialement, ou r\u00e9utilis\u00e9e de quelque<br>mani\u00e8re que ce soit sans l\u2019autorisation expresse, pr\u00e9alable et \u00e9crite de l&rsquo;association Cabanes du Salaison-Mauguio.<br>La violation de cette interdiction constituerait une contrefa\u00e7on, au sens de<br>l\u2019article L713-2 du code de la propri\u00e9t\u00e9 intellectuelle, pouvant engager la<br>responsabilit\u00e9 civile et p\u00e9nale du contrefacteur.<br>L&rsquo;association Cabanes du Salaison-Mauguio d\u00e9cline toute responsabilit\u00e9 civile en cas d\u2019utilisation<br>frauduleuse de tout ou partie de son site. La sanction p\u00e9nale de la contrefa\u00e7on<br>r\u00e9sulte de l\u2019application des articles L.335-2 et suivant du code de la<br>propri\u00e9t\u00e9 intellectuelle.<\/p><p><br><\/p>\n<h3><b>Droit d\u2019acc\u00e8s et de rectification<\/b><\/h3>\n<p>Conform\u00e9ment aux dispositions de la loi n\u00b0 78-17 du 6 janvier 1978 (modifi\u00e9e)<br>relative \u00e0 l\u2019informatique et aux libert\u00e9s, l\u2019internaute dispose d\u2019un droit<br>d\u2019opposition (article 26), d\u2019acc\u00e8s (articles 34 \u00e0 38), de rectification<br>(article 36) et de suppression des donn\u00e9es qui le concernent.<br>L\u2019internaute peut exercer ce droit en s\u2019adressant par courrier \u00e0 l\u2019adresse<br>suivante :<br>Association des Cabanes du Salaison-Mauguio<br>Chez Nadine-Leblevec RAMADE<br>Route des Cabanes<br><span style=\"font-size: 15px; letter-spacing: 0.2px;\">34130 Mauguio<\/span><\/p><p><span style=\"font-size: 15px; letter-spacing: 0.2px;\"><br><\/span><\/p>\n<h3><b>Limitation de responsabilit\u00e9<\/b><\/h3>\n<p>L&rsquo;association Cabanes du Salaison-Mauguio ne peut en aucun cas \u00eatre tenue responsable du contenu, ainsi<br>que des produits ou services propos\u00e9s sur les sites auxquels le site internet de l&rsquo;association des Cabanes du Salaison-Mauguio<br>https:\/\/cabanes-salaison.fr se trouverait li\u00e9 par des liens hypertextes ou<br>tout autre type de liens.<br>L\u2019utilisateur du site internet https:\/\/cabanes-salaison.fr reconna\u00eet disposer<br>de la comp\u00e9tence et des moyens n\u00e9cessaires pour acc\u00e9der et utiliser ce site.<br>L&rsquo;association Cabanes du Salaison-Mauguio ne saurait garantir la pr\u00e9cision, la compl\u00e9tude et l\u2019actualit\u00e9<br>des informations diffus\u00e9es sur son site. De fait, les informations fournies par<br>l&rsquo;association Cabanes du Salaison-Mauguio le sont \u00e0 titre indicatif et ne peuvent pas \u00eatre tenues pour foi<br>par l\u2019internaute. Les documents et visuels de ce site sont non contractuels.<br>Les caract\u00e9ristiques sont susceptibles d\u2019\u00eatre modifi\u00e9es.<br>L\u2019utilisateur reconna\u00eet avoir pris connaissance des pr\u00e9sentes conditions<br>d\u2019utilisation et s\u2019engage \u00e0 les respecter.<br>En cons\u00e9quence, l\u2019internaute reconna\u00eet utiliser ces informations sous sa seule<br>et enti\u00e8re responsabilit\u00e9.<\/p>\t\t\t\t\t\t\t\t<\/div>\n\t\t\t\t<\/div>\n\t\t\t\t\t<\/div>\n\t\t<\/div>\n\t\t\t\t\t<\/div>\n\t\t<\/section>\n\t\t\t\t<div class=\"elementor-element elementor-element-91ecd56 elementor-align-center elementor-widget elementor-widget-button\" data-id=\"91ecd56\" data-element_type=\"widget\" data-e-type=\"widget\" data-widget_type=\"button.default\">\n\t\t\t\t<div class=\"elementor-widget-container\">\n\t\t\t\t\t\t\t\t\t<div class=\"elementor-button-wrapper\">\n\t\t\t\t\t<a class=\"elementor-button elementor-button-link elementor-size-sm\" href=\"#\">\n\t\t\t\t\t\t<span class=\"elementor-button-content-wrapper\">\n\t\t\t\t\t\t\t\t\t<span class=\"elementor-button-text\">Contact<\/span>\n\t\t\t\t\t<\/span>\n\t\t\t\t\t<\/a>\n\t\t\t\t<\/div>\n\t\t\t\t\t\t\t\t<\/div>\n\t\t\t\t<\/div>\n\t\t\t\t\t<\/div>\n\t\t<\/div>\n\t\t\t\t\t<\/div>\n\t\t<\/section>\n\t\t\t\t<section class=\"elementor-section elementor-top-section elementor-element elementor-element-fb86688 elementor-section-boxed elementor-section-height-default elementor-section-height-default\" data-id=\"fb86688\" data-element_type=\"section\" data-e-type=\"section\">\n\t\t\t\t\t\t<div class=\"elementor-container elementor-column-gap-default\">\n\t\t\t\t\t<div class=\"elementor-column elementor-col-100 elementor-top-column elementor-element elementor-element-0825f31\" data-id=\"0825f31\" data-element_type=\"column\" data-e-type=\"column\">\n\t\t\t<div class=\"elementor-widget-wrap elementor-element-populated\">\n\t\t\t\t\t\t<div class=\"elementor-element elementor-element-f036da0 elementor-widget elementor-widget-image\" data-id=\"f036da0\" data-element_type=\"widget\" data-e-type=\"widget\" data-widget_type=\"image.default\">\n\t\t\t\t<div class=\"elementor-widget-container\">\n\t\t\t\t\t\t\t\t\t\t\t\t<figure class=\"wp-caption\">\n\t\t\t\t\t\t\t\t\t\t\t<a href=\"http:\/\/leguideduciel.net\/\">\n\t\t\t\t\t\t\t<img fetchpriority=\"high\" decoding=\"async\" width=\"800\" height=\"311\" src=\"https:\/\/cabanes-salaison.fr\/wp-content\/uploads\/2021\/12\/20111213-crep-800.jpg\" class=\"attachment-full size-full wp-image-297\" alt=\"\" srcset=\"https:\/\/cabanes-salaison.fr\/wp-content\/uploads\/2021\/12\/20111213-crep-800.jpg 800w, https:\/\/cabanes-salaison.fr\/wp-content\/uploads\/2021\/12\/20111213-crep-800-600x233.jpg 600w, https:\/\/cabanes-salaison.fr\/wp-content\/uploads\/2021\/12\/20111213-crep-800-300x117.jpg 300w, https:\/\/cabanes-salaison.fr\/wp-content\/uploads\/2021\/12\/20111213-crep-800-768x299.jpg 768w\" sizes=\"(max-width: 800px) 100vw, 800px\" \/>\t\t\t\t\t\t\t\t<\/a>\n\t\t\t\t\t\t\t\t\t\t\t<figcaption class=\"widget-image-caption wp-caption-text\">Guillaume Cannat - Le Guide du Ciel<\/figcaption>\n\t\t\t\t\t\t\t\t\t\t<\/figure>\n\t\t\t\t\t\t\t\t\t<\/div>\n\t\t\t\t<\/div>\n\t\t\t\t\t<\/div>\n\t\t<\/div>\n\t\t\t\t\t<\/div>\n\t\t<\/section>\n\t\t\t\t<\/div>\n\t\t","protected":false},"excerpt":{"rendered":"<p>Mentions l\u00e9gales Mentions l\u00e9gales Conform\u00e9ment aux dispositions sp\u00e9cifies par la loi, nous vousinformons que : Ce site internet est \u00e9dit\u00e9 et g\u00e9r\u00e9 par l&rsquo;association des Cabanes du Salaison-Mauguio, association Loi de 1901,&nbsp;si\u00e8ge&nbsp;: chez Nadine Leblevec-Ramade, chemin de Bentenac, Route des Cabanes, 34130 Mauguio,&nbsp; T\u00e9l. : 06.86.99.08.43email: nadleb@wanadoo.fr SIRET: 88021128900017 TVA intracommunautaire: FR66880211289 Responsable de publication [&hellip;]<\/p>\n","protected":false},"author":1,"featured_media":0,"parent":0,"menu_order":0,"comment_status":"closed","ping_status":"closed","template":"","meta":{"_seopress_robots_primary_cat":"","_seopress_titles_title":"","_seopress_titles_desc":"","_seopress_robots_index":"","ocean_post_layout":"","ocean_both_sidebars_style":"","ocean_both_sidebars_content_width":0,"ocean_both_sidebars_sidebars_width":0,"ocean_sidebar":"","ocean_second_sidebar":"","ocean_disable_margins":"enable","ocean_add_body_class":"","ocean_shortcode_before_top_bar":"","ocean_shortcode_after_top_bar":"","ocean_shortcode_before_header":"","ocean_shortcode_after_header":"","ocean_has_shortcode":"","ocean_shortcode_after_title":"","ocean_shortcode_before_footer_widgets":"","ocean_shortcode_after_footer_widgets":"","ocean_shortcode_before_footer_bottom":"","ocean_shortcode_after_footer_bottom":"","ocean_display_top_bar":"default","ocean_display_header":"default","ocean_header_style":"","ocean_center_header_left_menu":"","ocean_custom_header_template":"","ocean_custom_logo":0,"ocean_custom_retina_logo":0,"ocean_custom_logo_max_width":0,"ocean_custom_logo_tablet_max_width":0,"ocean_custom_logo_mobile_max_width":0,"ocean_custom_logo_max_height":0,"ocean_custom_logo_tablet_max_height":0,"ocean_custom_logo_mobile_max_height":0,"ocean_header_custom_menu":"","ocean_menu_typo_font_family":"","ocean_menu_typo_font_subset":"","ocean_menu_typo_font_size":0,"ocean_menu_typo_font_size_tablet":0,"ocean_menu_typo_font_size_mobile":0,"ocean_menu_typo_font_size_unit":"px","ocean_menu_typo_font_weight":"","ocean_menu_typo_font_weight_tablet":"","ocean_menu_typo_font_weight_mobile":"","ocean_menu_typo_transform":"","ocean_menu_typo_transform_tablet":"","ocean_menu_typo_transform_mobile":"","ocean_menu_typo_line_height":0,"ocean_menu_typo_line_height_tablet":0,"ocean_menu_typo_line_height_mobile":0,"ocean_menu_typo_line_height_unit":"","ocean_menu_typo_spacing":0,"ocean_menu_typo_spacing_tablet":0,"ocean_menu_typo_spacing_mobile":0,"ocean_menu_typo_spacing_unit":"","ocean_menu_link_color":"","ocean_menu_link_color_hover":"","ocean_menu_link_color_active":"","ocean_menu_link_background":"","ocean_menu_link_hover_background":"","ocean_menu_link_active_background":"","ocean_menu_social_links_bg":"","ocean_menu_social_hover_links_bg":"","ocean_menu_social_links_color":"","ocean_menu_social_hover_links_color":"","ocean_disable_title":"default","ocean_disable_heading":"default","ocean_post_title":"","ocean_post_subheading":"","ocean_post_title_style":"","ocean_post_title_background_color":"","ocean_post_title_background":0,"ocean_post_title_bg_image_position":"","ocean_post_title_bg_image_attachment":"","ocean_post_title_bg_image_repeat":"","ocean_post_title_bg_image_size":"","ocean_post_title_height":0,"ocean_post_title_bg_overlay":0.5,"ocean_post_title_bg_overlay_color":"","ocean_disable_breadcrumbs":"default","ocean_breadcrumbs_color":"","ocean_breadcrumbs_separator_color":"","ocean_breadcrumbs_links_color":"","ocean_breadcrumbs_links_hover_color":"","ocean_display_footer_widgets":"default","ocean_display_footer_bottom":"default","ocean_custom_footer_template":"","footnotes":""},"class_list":["post-1278","page","type-page","status-publish","hentry","entry"],"jetpack_sharing_enabled":true,"_links":{"self":[{"href":"https:\/\/cabanes-salaison.fr\/index.php\/wp-json\/wp\/v2\/pages\/1278","targetHints":{"allow":["GET"]}}],"collection":[{"href":"https:\/\/cabanes-salaison.fr\/index.php\/wp-json\/wp\/v2\/pages"}],"about":[{"href":"https:\/\/cabanes-salaison.fr\/index.php\/wp-json\/wp\/v2\/types\/page"}],"author":[{"embeddable":true,"href":"https:\/\/cabanes-salaison.fr\/index.php\/wp-json\/wp\/v2\/users\/1"}],"replies":[{"embeddable":true,"href":"https:\/\/cabanes-salaison.fr\/index.php\/wp-json\/wp\/v2\/comments?post=1278"}],"version-history":[{"count":4,"href":"https:\/\/cabanes-salaison.fr\/index.php\/wp-json\/wp\/v2\/pages\/1278\/revisions"}],"predecessor-version":[{"id":1283,"href":"https:\/\/cabanes-salaison.fr\/index.php\/wp-json\/wp\/v2\/pages\/1278\/revisions\/1283"}],"wp:attachment":[{"href":"https:\/\/cabanes-salaison.fr\/index.php\/wp-json\/wp\/v2\/media?parent=1278"}],"curies":[{"name":"wp","href":"https:\/\/api.w.org\/{rel}","templated":true}]}}